{"id":204,"date":"2016-01-03T02:27:04","date_gmt":"2016-01-03T00:27:04","guid":{"rendered":"http:\/\/www.yuvaonline.com\/?page_id=204"},"modified":"2016-02-01T18:53:02","modified_gmt":"2016-02-01T16:53:02","slug":"kulturel-yasam","status":"publish","type":"page","link":"http:\/\/www.yuvaonline.com\/?page_id=204","title":{"rendered":"K\u00fclt\u00fcrel Ya\u015fam"},"content":{"rendered":"<p>G\u00fcncel olaylar, siyasal geli\u015fmeler ya\u015fam\u0131m\u0131z\u0131 do\u011frudan etkiledi\u011fi i\u00e7in \u00e7o\u011funlukla bu ba\u011flamda yo\u011funla\u015f\u0131r\u0131z. Bizi hayata ba\u011flayan, varl\u0131\u011f\u0131m\u0131z\u0131 s\u00fcrekli k\u0131lan k\u00fclt\u00fcrel ya\u015fam\u0131m\u0131z\u0131 ihmal ederiz. Nas\u0131l ki bir a\u011fac\u0131n k\u00f6kleri sa\u011flam ve yayg\u0131n oldu\u011funda her t\u00fcrl\u00fc hava ko\u015fullar\u0131nda ayakta kal\u0131r, y\u0131ldan y\u0131la yaprak ve \u00e7i\u00e7ek a\u00e7\u0131p meyve verirse, toplumlar da k\u00fclt\u00fcr\u00fc, gelene\u011fi ile varl\u0131\u011f\u0131n\u0131 s\u00fcrd\u00fcr\u00fcr. Bize bu g\u00fcc\u00fc veren t\u00fcrk\u00fclerimizi, deyi\u015flerimizi, semah\u0131m\u0131z\u0131, oyunlar\u0131m\u0131z\u0131, beslenme al\u0131\u015fkanl\u0131klar\u0131m\u0131z\u0131 koruyup geli\u015ftirmezsek, onlar\u0131 gelecek ku\u015faklara aktarmazsak, r\u00fczgar\u0131n y\u00f6n\u00fcne g\u00f6re ordan oraya savrulur, asimile olur gideriz.<\/p>\n<p>Bulundu\u011funuz sayfa bu alanda k\u00fc\u00e7\u00fck bir hizmet amac\u0131n\u0131 ta\u015f\u0131yor.<\/p>\n","protected":false},"excerpt":{"rendered":"<p>G\u00fcncel olaylar, siyasal geli\u015fmeler ya\u015fam\u0131m\u0131z\u0131 do\u011frudan etkiledi\u011fi i\u00e7in \u00e7o\u011funlukla bu ba\u011flamda yo\u011funla\u015f\u0131r\u0131z. Bizi hayata ba\u011flayan, varl\u0131\u011f\u0131m\u0131z\u0131 s\u00fcrekli k\u0131lan k\u00fclt\u00fcrel ya\u015fam\u0131m\u0131z\u0131 ihmal ederiz. Nas\u0131l ki bir a\u011fac\u0131n k\u00f6kleri sa\u011flam ve yayg\u0131n oldu\u011funda her t\u00fcrl\u00fc hava ko\u015fullar\u0131nda ayakta kal\u0131r, y\u0131ldan y\u0131la yaprak ve \u00e7i\u00e7ek a\u00e7\u0131p meyve verirse, toplumlar da k\u00fclt\u00fcr\u00fc, gelene\u011fi ile \u2026<\/p>\n<p class=\"continue-reading-button\"> <a class=\"continue-reading-link\" href=\"http:\/\/www.yuvaonline.com\/?page_id=204\">Continue reading<i class=\"crycon-right-dir\"><\/i><\/a><\/p>\n","protected":false},"author":1,"featured_media":0,"parent":0,"menu_order":0,"comment_status":"closed","ping_status":"closed","template":"","meta":{"footnotes":""},"class_list":["post-204","page","type-page","status-publish","hentry"],"_links":{"self":[{"href":"http:\/\/www.yuvaonline.com\/index.php?rest_route=\/wp\/v2\/pages\/204"}],"collection":[{"href":"http:\/\/www.yuvaonline.com\/index.php?rest_route=\/wp\/v2\/pages"}],"about":[{"href":"http:\/\/www.yuvaonline.com\/index.php?rest_route=\/wp\/v2\/types\/page"}],"author":[{"embeddable":true,"href":"http:\/\/www.yuvaonline.com\/index.php?rest_route=\/wp\/v2\/users\/1"}],"replies":[{"embeddable":true,"href":"http:\/\/www.yuvaonline.com\/index.php?rest_route=%2Fwp%2Fv2%2Fcomments&post=204"}],"version-history":[{"count":4,"href":"http:\/\/www.yuvaonline.com\/index.php?rest_route=\/wp\/v2\/pages\/204\/revisions"}],"predecessor-version":[{"id":413,"href":"http:\/\/www.yuvaonline.com\/index.php?rest_route=\/wp\/v2\/pages\/204\/revisions\/413"}],"wp:attachment":[{"href":"http:\/\/www.yuvaonline.com\/index.php?rest_route=%2Fwp%2Fv2%2Fmedia&parent=204"}],"curies":[{"name":"wp","href":"https:\/\/api.w.org\/{rel}","templated":true}]}}