{"id":207,"date":"2016-01-03T02:32:04","date_gmt":"2016-01-03T00:32:04","guid":{"rendered":"http:\/\/www.yuvaonline.com\/?page_id=207"},"modified":"2016-02-05T12:40:20","modified_gmt":"2016-02-05T10:40:20","slug":"oyunlar-3","status":"publish","type":"page","link":"http:\/\/www.yuvaonline.com\/?page_id=207","title":{"rendered":"Oyunlar"},"content":{"rendered":"<p><a title=\"Elim Elim Epenek\" href=\"http:\/\/www.yuvaonline.com\/?p=223\">Elim Elim Epenek<\/a><\/p>\n<p><a title=\"C\u0131tt\u0131r B\u0131tt\u0131r Sakal\u0131m\" href=\"http:\/\/www.yuvaonline.com\/?p=230\">C\u0131tt\u0131r B\u0131tt\u0131r Sakal\u0131m<\/a><\/p>\n<p>A\u015fa\u011f\u0131da yaz\u0131l\u0131 olan oyunlar\u0131n ad\u0131n\u0131 hat\u0131rl\u0131yoruz, ancak oyunlar\u0131n ayr\u0131nt\u0131lar\u0131 silinmi\u015f akl\u0131m\u0131zdan. Bunlar\u0131 bilenler vard\u0131r mutlaka. Hatta ba\u015fka oyunlar da vard\u0131r. Bir \u015fekilde (sesli, g\u00f6r\u00fcnt\u00fcl\u00fc veya yaz\u0131l\u0131) bize iletebilirseniz \u00e7ok seviriz. Sizin ad\u0131n\u0131z\u0131 da vererek yay\u0131nlar\u0131z.<\/p>\n<p>Zinepe<\/p>\n<p>\u00c7elik (Kale \u00c7eli\u011fi &#8211; Daire \u00c7eli\u011fi)<\/p>\n<p>Be\u015f Ta\u015f<\/p>\n<p>Hestana<\/p>\n<p>G\u00fcvercin Taxlas\u0131 (Uzun E\u015fek)<\/p>\n<p>Y\u00fcz\u00fck Oyunu<\/p>\n<p>El Oyunu (Dibek eli ile)<\/p>\n<p>&nbsp;<\/p>\n<p>&nbsp;<\/p>\n","protected":false},"excerpt":{"rendered":"<p>Elim Elim Epenek C\u0131tt\u0131r B\u0131tt\u0131r Sakal\u0131m A\u015fa\u011f\u0131da yaz\u0131l\u0131 olan oyunlar\u0131n ad\u0131n\u0131 hat\u0131rl\u0131yoruz, ancak oyunlar\u0131n ayr\u0131nt\u0131lar\u0131 silinmi\u015f akl\u0131m\u0131zdan. Bunlar\u0131 bilenler vard\u0131r mutlaka. Hatta ba\u015fka oyunlar da vard\u0131r. Bir \u015fekilde (sesli, g\u00f6r\u00fcnt\u00fcl\u00fc veya yaz\u0131l\u0131) bize iletebilirseniz \u00e7ok seviriz. Sizin ad\u0131n\u0131z\u0131 da vererek yay\u0131nlar\u0131z. Zinepe \u00c7elik (Kale \u00c7eli\u011fi &#8211; Daire \u00c7eli\u011fi) Be\u015f Ta\u015f \u2026<\/p>\n<p class=\"continue-reading-button\"> <a class=\"continue-reading-link\" href=\"http:\/\/www.yuvaonline.com\/?page_id=207\">Continue reading<i class=\"crycon-right-dir\"><\/i><\/a><\/p>\n","protected":false},"author":1,"featured_media":0,"parent":0,"menu_order":0,"comment_status":"closed","ping_status":"closed","template":"","meta":{"footnotes":""},"class_list":["post-207","page","type-page","status-publish","hentry"],"_links":{"self":[{"href":"http:\/\/www.yuvaonline.com\/index.php?rest_route=\/wp\/v2\/pages\/207"}],"collection":[{"href":"http:\/\/www.yuvaonline.com\/index.php?rest_route=\/wp\/v2\/pages"}],"about":[{"href":"http:\/\/www.yuvaonline.com\/index.php?rest_route=\/wp\/v2\/types\/page"}],"author":[{"embeddable":true,"href":"http:\/\/www.yuvaonline.com\/index.php?rest_route=\/wp\/v2\/users\/1"}],"replies":[{"embeddable":true,"href":"http:\/\/www.yuvaonline.com\/index.php?rest_route=%2Fwp%2Fv2%2Fcomments&post=207"}],"version-history":[{"count":7,"href":"http:\/\/www.yuvaonline.com\/index.php?rest_route=\/wp\/v2\/pages\/207\/revisions"}],"predecessor-version":[{"id":441,"href":"http:\/\/www.yuvaonline.com\/index.php?rest_route=\/wp\/v2\/pages\/207\/revisions\/441"}],"wp:attachment":[{"href":"http:\/\/www.yuvaonline.com\/index.php?rest_route=%2Fwp%2Fv2%2Fmedia&parent=207"}],"curies":[{"name":"wp","href":"https:\/\/api.w.org\/{rel}","templated":true}]}}