{"id":28,"date":"2014-07-19T11:51:51","date_gmt":"2014-07-19T09:51:51","guid":{"rendered":"http:\/\/www.yuvaonline.com\/?page_id=28"},"modified":"2016-02-01T19:45:11","modified_gmt":"2016-02-01T17:45:11","slug":"koey-mutfagi","status":"publish","type":"page","link":"http:\/\/www.yuvaonline.com\/?page_id=28","title":{"rendered":"K\u00f6y Mutfa\u011f\u0131"},"content":{"rendered":"<p>Burada Yuva&#8217;ya \u00f6zg\u00fc yemek tarifleri yer al\u0131yor. A\u015fa\u011f\u0131daki linklere t\u0131klayarak yemek tariflerine ula\u015fabilirsiniz.<\/p>\n<table border=\"1\" cellspacing=\"0\" cellpadding=\"0\">\n<tbody>\n<tr>\n<td valign=\"top\" width=\"226\"><a title=\"\u0130\u00e7li K\u00f6fte (Patatesli)\" href=\"http:\/\/www.yuvaonline.com\/?p=58\">\u0130\u00e7li K\u00f6fte\u00a0(Patatesli)<br \/>\n<\/a><a title=\"\u0130\u00e7li K\u00f6fte (Etli)\" href=\"http:\/\/www.yuvaonline.com\/?p=128\">\u0130\u00e7li K\u00f6fte\u00a0(Etli)<br \/>\n<\/a><a title=\"E\u015fkili K\u00f6fte\" href=\"http:\/\/www.yuvaonline.com\/?p=135\">E\u015fkili K\u00f6fte<br \/>\n<\/a><a title=\"Yahn\u0131\" href=\"http:\/\/www.yuvaonline.com\/?p=132\">Yahn\u0131<br \/>\n<\/a><a title=\"Eri\u015fte \u00c7orbas\u0131\" href=\"http:\/\/www.yuvaonline.com\/?p=236\">Eri\u015fte \u00c7orbas<\/a>\u0131<br \/>\n<a title=\"Mercimekli \u00c7orba\" href=\"http:\/\/www.yuvaonline.com\/?p=246\">Mercimekli \u00c7orba<br \/>\n<\/a><a title=\"Boran\u0131\" href=\"http:\/\/www.yuvaonline.com\/?p=244\">Boran\u0131<br \/>\n<\/a><a title=\"Mant\u0131 (Patatesli)\" href=\"http:\/\/www.yuvaonline.com\/?p=253\">Mant\u0131 (Patatesli)<br \/>\n<\/a><a title=\"Mant\u0131 (Peynirli)\" href=\"http:\/\/www.yuvaonline.com\/?p=251\">Mant\u0131 (Peynirli)<br \/>\n<\/a><a title=\"Tava Pilav\u0131\" href=\"http:\/\/www.yuvaonline.com\/?p=248\">Tava Pilav\u0131<br \/>\n<\/a><a title=\"Tavuk Pilav\u0131\" href=\"http:\/\/www.yuvaonline.com\/?p=255\">Tavuk Pilav\u0131<br \/>\n<\/a><a title=\"Gal\u0131nd\u0131r\" href=\"http:\/\/www.yuvaonline.com\/?p=242\">Gal\u0131nd\u0131r<br \/>\n<\/a><a title=\"Tarhana \u00c7orbas\u0131\" href=\"http:\/\/www.yuvaonline.com\/?p=328\" target=\"_blank\">Tarhana \u00c7orbas\u0131<br \/>\n<\/a><a title=\"Mantarl\u0131 Bulgur Pilav\u0131\" href=\"http:\/\/www.yuvaonline.com\/?p=331\" target=\"_blank\">Mantarl\u0131 Bulgur Pilav\u0131<br \/>\n<\/a><a title=\"Sirken B\u00f6re\u011fi\" href=\"http:\/\/www.yuvaonline.com\/?p=333\" target=\"_blank\">Sirken B\u00f6re\u011fi<br \/>\n<\/a><a title=\"Guymax\" href=\"http:\/\/www.yuvaonline.com\/?p=351\">Guymax<\/a><\/td>\n<td valign=\"top\" width=\"226\"><a title=\"Hatize\" href=\"http:\/\/www.yuvaonline.com\/?p=355\">Hatize<\/a><br \/>\n<a title=\"S\u00fctl\u00fc \u00c7orba\" href=\"http:\/\/www.yuvaonline.com\/?p=357\">S\u00fctl\u00fc \u00c7orba<\/a><br \/>\n<a title=\"Yarma \u00c7orbas\u0131\" href=\"http:\/\/www.yuvaonline.com\/?p=359\">Yarma \u00c7orbas\u0131<\/a><br \/>\n<a title=\"Yarma A\u015f\u0131\" href=\"http:\/\/www.yuvaonline.com\/?p=361\">Yarma A\u015f\u0131<br \/>\n<\/a><a title=\"Ispanak \u00c7orbas\u0131\" href=\"http:\/\/www.yuvaonline.com\/?p=365\">Ispanak \u00c7orbas\u0131<br \/>\n<\/a><a title=\"Ho\u015faf\" href=\"http:\/\/www.yuvaonline.com\/?p=368\">Ho\u015faf<br \/>\n<\/a><a title=\"\u00c7ir Kavurmas\u0131\" href=\"http:\/\/www.yuvaonline.com\/?p=370\">\u00c7ir Kavurmas\u0131<br \/>\n<\/a><a title=\"Tut Kaynatmas\u0131\" href=\"http:\/\/www.yuvaonline.com\/?p=373\">Tut Kaynatmas\u0131<br \/>\n<\/a><a title=\"Yayla \u00c7orbas\u0131\" href=\"http:\/\/www.yuvaonline.com\/?p=375\">Yayla \u00c7orbas\u0131<br \/>\n<\/a><a title=\"Lahana Sarmas\u0131\" href=\"http:\/\/www.yuvaonline.com\/?p=377\">Lahana Sarmas\u0131<br \/>\n<\/a><a title=\"Pancar Yapra\u011f\u0131 Sarmas\u0131\" href=\"http:\/\/www.yuvaonline.com\/?p=379\">Pancar Yapra\u011f\u0131 Sarmas\u0131<br \/>\n<\/a><a title=\"Eri\u015fte Pilav\u0131\" href=\"http:\/\/www.yuvaonline.com\/?p=382\">Eri\u015fte Pilav\u0131<br \/>\n<\/a><a title=\"Etli Kabak Yeme\u011fi\" href=\"http:\/\/www.yuvaonline.com\/?p=384\">Etli Kabak Yeme\u011fi<br \/>\n<\/a><a title=\"Kabak Tatl\u0131s\u0131\" href=\"http:\/\/www.yuvaonline.com\/?p=386\">Kabak Tatl\u0131s\u0131<br \/>\n<\/a><a title=\"F\u0131r\u0131nda Sebzeli K\u00f6fte\" href=\"http:\/\/www.yuvaonline.com\/?p=388\">F\u0131r\u0131nda Sebzeli K\u00f6fte<br \/>\n<\/a><a title=\"Sini Ba\u011flamas\u0131\" href=\"http:\/\/www.yuvaonline.com\/?p=390\">Sini Ba\u011flamas\u0131<\/a><\/td>\n<\/tr>\n<\/tbody>\n<\/table>\n<p>&nbsp;<\/p>\n","protected":false},"excerpt":{"rendered":"<p>Burada Yuva&#8217;ya \u00f6zg\u00fc yemek tarifleri yer al\u0131yor. A\u015fa\u011f\u0131daki linklere t\u0131klayarak yemek tariflerine ula\u015fabilirsiniz. \u0130\u00e7li K\u00f6fte\u00a0(Patatesli) \u0130\u00e7li K\u00f6fte\u00a0(Etli) E\u015fkili K\u00f6fte Yahn\u0131 Eri\u015fte \u00c7orbas\u0131 Mercimekli \u00c7orba Boran\u0131 Mant\u0131 (Patatesli) Mant\u0131 (Peynirli) Tava Pilav\u0131 Tavuk Pilav\u0131 Gal\u0131nd\u0131r Tarhana \u00c7orbas\u0131 Mantarl\u0131 Bulgur Pilav\u0131 Sirken B\u00f6re\u011fi Guymax Hatize S\u00fctl\u00fc \u00c7orba Yarma \u00c7orbas\u0131 Yarma A\u015f\u0131 Ispanak \u2026<\/p>\n<p class=\"continue-reading-button\"> <a class=\"continue-reading-link\" href=\"http:\/\/www.yuvaonline.com\/?page_id=28\">Continue reading<i class=\"crycon-right-dir\"><\/i><\/a><\/p>\n","protected":false},"author":1,"featured_media":0,"parent":0,"menu_order":0,"comment_status":"open","ping_status":"open","template":"","meta":{"footnotes":""},"class_list":["post-28","page","type-page","status-publish","hentry"],"_links":{"self":[{"href":"http:\/\/www.yuvaonline.com\/index.php?rest_route=\/wp\/v2\/pages\/28"}],"collection":[{"href":"http:\/\/www.yuvaonline.com\/index.php?rest_route=\/wp\/v2\/pages"}],"about":[{"href":"http:\/\/www.yuvaonline.com\/index.php?rest_route=\/wp\/v2\/types\/page"}],"author":[{"embeddable":true,"href":"http:\/\/www.yuvaonline.com\/index.php?rest_route=\/wp\/v2\/users\/1"}],"replies":[{"embeddable":true,"href":"http:\/\/www.yuvaonline.com\/index.php?rest_route=%2Fwp%2Fv2%2Fcomments&post=28"}],"version-history":[{"count":16,"href":"http:\/\/www.yuvaonline.com\/index.php?rest_route=\/wp\/v2\/pages\/28\/revisions"}],"predecessor-version":[{"id":436,"href":"http:\/\/www.yuvaonline.com\/index.php?rest_route=\/wp\/v2\/pages\/28\/revisions\/436"}],"wp:attachment":[{"href":"http:\/\/www.yuvaonline.com\/index.php?rest_route=%2Fwp%2Fv2%2Fmedia&parent=28"}],"curies":[{"name":"wp","href":"https:\/\/api.w.org\/{rel}","templated":true}]}}