{"id":309,"date":"2016-01-10T16:06:56","date_gmt":"2016-01-10T14:06:56","guid":{"rendered":"http:\/\/www.yuvaonline.com\/?page_id=309"},"modified":"2016-01-10T16:06:56","modified_gmt":"2016-01-10T14:06:56","slug":"kunye","status":"publish","type":"page","link":"http:\/\/www.yuvaonline.com\/?page_id=309","title":{"rendered":"K\u00fcnye"},"content":{"rendered":"<p>Sitenin t\u00fcm i\u00e7eri\u011finden Hadi \u015eahin sorumludur.<\/p>\n<p>\u00a9 T\u00fcm haklar\u0131 sakl\u0131d\u0131r.<\/p>\n","protected":false},"excerpt":{"rendered":"<p>Sitenin t\u00fcm i\u00e7eri\u011finden Hadi \u015eahin sorumludur. \u00a9 T\u00fcm haklar\u0131 sakl\u0131d\u0131r.<\/p>\n<p class=\"continue-reading-button\"> <a class=\"continue-reading-link\" href=\"http:\/\/www.yuvaonline.com\/?page_id=309\">Continue reading<i class=\"crycon-right-dir\"><\/i><\/a><\/p>\n","protected":false},"author":1,"featured_media":0,"parent":0,"menu_order":0,"comment_status":"open","ping_status":"closed","template":"","meta":{"footnotes":""},"class_list":["post-309","page","type-page","status-publish","hentry"],"_links":{"self":[{"href":"http:\/\/www.yuvaonline.com\/index.php?rest_route=\/wp\/v2\/pages\/309"}],"collection":[{"href":"http:\/\/www.yuvaonline.com\/index.php?rest_route=\/wp\/v2\/pages"}],"about":[{"href":"http:\/\/www.yuvaonline.com\/index.php?rest_route=\/wp\/v2\/types\/page"}],"author":[{"embeddable":true,"href":"http:\/\/www.yuvaonline.com\/index.php?rest_route=\/wp\/v2\/users\/1"}],"replies":[{"embeddable":true,"href":"http:\/\/www.yuvaonline.com\/index.php?rest_route=%2Fwp%2Fv2%2Fcomments&post=309"}],"version-history":[{"count":1,"href":"http:\/\/www.yuvaonline.com\/index.php?rest_route=\/wp\/v2\/pages\/309\/revisions"}],"predecessor-version":[{"id":310,"href":"http:\/\/www.yuvaonline.com\/index.php?rest_route=\/wp\/v2\/pages\/309\/revisions\/310"}],"wp:attachment":[{"href":"http:\/\/www.yuvaonline.com\/index.php?rest_route=%2Fwp%2Fv2%2Fmedia&parent=309"}],"curies":[{"name":"wp","href":"https:\/\/api.w.org\/{rel}","templated":true}]}}