{"id":32,"date":"2014-07-19T11:58:54","date_gmt":"2014-07-19T09:58:54","guid":{"rendered":"http:\/\/www.yuvaonline.com\/?page_id=32"},"modified":"2022-03-09T00:59:08","modified_gmt":"2022-03-08T21:59:08","slug":"tarihce","status":"publish","type":"page","link":"http:\/\/www.yuvaonline.com\/?page_id=32","title":{"rendered":"Tarih\u00e7e"},"content":{"rendered":"<p>Yuva&#8217;da g\u00fcn\u00fcm\u00fczde ya\u015fayan k\u00f6yl\u00fcler buraya yerle\u015fmeden \u00f6nce \u015fimdiki Telinlilerin yerle\u015fik oldu\u011fu s\u00f6ylenmektedir. 19. y\u00fczy\u0131l\u0131n ikinci yar\u0131s\u0131nda yeni gelen Alevi n\u00fcfus \u00e7o\u011fal\u0131nca S\u00fcnni az\u0131nl\u0131\u011f\u0131n buradan ayr\u0131larak Telin (Su\u00e7at\u0131) k\u00f6y\u00fcne yerle\u015fti\u011fi ya\u015fl\u0131lar taraf\u0131ndan anlat\u0131l\u0131r.<\/p>\n<p>&#8230;<\/p>\n\n\n<p><\/p>\n","protected":false},"excerpt":{"rendered":"<p>Yuva&#8217;da g\u00fcn\u00fcm\u00fczde ya\u015fayan k\u00f6yl\u00fcler buraya yerle\u015fmeden \u00f6nce \u015fimdiki Telinlilerin yerle\u015fik oldu\u011fu s\u00f6ylenmektedir. 19. y\u00fczy\u0131l\u0131n ikinci yar\u0131s\u0131nda yeni gelen Alevi n\u00fcfus \u00e7o\u011fal\u0131nca S\u00fcnni az\u0131nl\u0131\u011f\u0131n buradan ayr\u0131larak Telin (Su\u00e7at\u0131) k\u00f6y\u00fcne yerle\u015fti\u011fi ya\u015fl\u0131lar taraf\u0131ndan anlat\u0131l\u0131r. &#8230;<\/p>\n<p class=\"continue-reading-button\"> <a class=\"continue-reading-link\" href=\"http:\/\/www.yuvaonline.com\/?page_id=32\">Continue reading<i class=\"crycon-right-dir\"><\/i><\/a><\/p>\n","protected":false},"author":1,"featured_media":0,"parent":0,"menu_order":0,"comment_status":"open","ping_status":"open","template":"","meta":{"footnotes":""},"class_list":["post-32","page","type-page","status-publish","hentry"],"_links":{"self":[{"href":"http:\/\/www.yuvaonline.com\/index.php?rest_route=\/wp\/v2\/pages\/32"}],"collection":[{"href":"http:\/\/www.yuvaonline.com\/index.php?rest_route=\/wp\/v2\/pages"}],"about":[{"href":"http:\/\/www.yuvaonline.com\/index.php?rest_route=\/wp\/v2\/types\/page"}],"author":[{"embeddable":true,"href":"http:\/\/www.yuvaonline.com\/index.php?rest_route=\/wp\/v2\/users\/1"}],"replies":[{"embeddable":true,"href":"http:\/\/www.yuvaonline.com\/index.php?rest_route=%2Fwp%2Fv2%2Fcomments&post=32"}],"version-history":[{"count":2,"href":"http:\/\/www.yuvaonline.com\/index.php?rest_route=\/wp\/v2\/pages\/32\/revisions"}],"predecessor-version":[{"id":558,"href":"http:\/\/www.yuvaonline.com\/index.php?rest_route=\/wp\/v2\/pages\/32\/revisions\/558"}],"wp:attachment":[{"href":"http:\/\/www.yuvaonline.com\/index.php?rest_route=%2Fwp%2Fv2%2Fmedia&parent=32"}],"curies":[{"name":"wp","href":"https:\/\/api.w.org\/{rel}","templated":true}]}}