{"id":336,"date":"2016-01-13T00:12:41","date_gmt":"2016-01-12T22:12:41","guid":{"rendered":"http:\/\/www.yuvaonline.com\/?page_id=336"},"modified":"2022-02-25T01:27:19","modified_gmt":"2022-02-24T22:27:19","slug":"ana-sayfa","status":"publish","type":"page","link":"http:\/\/www.yuvaonline.com\/","title":{"rendered":""},"content":{"rendered":"<p>De\u011ferli Okuyucular,<\/p>\n<p>Bu sitede Yuva K\u00f6y\u00fc ile ilgili bilgiler bulacaks\u0131n\u0131z. Bu bilgiler ne bir bilimsel \u00e7al\u0131\u015fman\u0131n sonu\u00e7lar\u0131, ne de uzun ve k\u00f6kl\u00fc ara\u015ft\u0131rmalara dayan\u0131yor. Sadece ula\u015fabildi\u011fimiz ya\u015fl\u0131lardan ve di\u011fer bilgi sahibi k\u00f6yl\u00fclerimizden toplad\u0131\u011f\u0131m\u0131z anlat\u0131lardan ve kendi ya\u015fant\u0131lar\u0131m\u0131zdan kaynakl\u0131 verilerdir. Burada do\u011fru olmad\u0131\u011f\u0131n\u0131 d\u00fc\u015f\u00fcnd\u00fc\u011f\u00fcn\u00fcz herhangi bir bilgi varsa bunu bize bildirdi\u011finiz taktirde gerekli d\u00fczeltiyi memnuniyetle yapar\u0131z. Sizin yay\u0131nlanmas\u0131n\u0131 istedi\u011finiz bir an\u0131n\u0131z, aktarmak istedi\u011finiz bir bilgi, ba\u015fkalar\u0131yla payla\u015fmak istedi\u011finiz bir foto\u011fraf veya film varsa bunu bize g\u00f6nderebilirsiniz. Sitede uygun bir yerde yay\u0131nlamak i\u00e7in elimizden gelen \u00e7abay\u0131 sarfedece\u011fimizden emin olabilirsiniz.<\/p>\n<p>Bu siteye herhangi bir kanaldan bilgi edinerek ula\u015fan herkes bilir ki, Yuva ve K\u00fclahl\u0131 k\u00f6ylerinden insanlar\u0131n bir araya gelerek olu\u015fturduklar\u0131 \u0130stanbul ve Ankara dernekleri var. Bu derneklerdeki k\u00f6yl\u00fclerimiz, yak\u0131nlar\u0131m\u0131z \u00e7ok de\u011ferli \u00e7al\u0131\u015fmalar yap\u0131yorlar. Bu derneklerin her birinin ayr\u0131ca Facebook sayfalar\u0131 da var. Bu sayfalar\u0131n linklerini bu sitenin sa\u011f s\u00fctunundaki Dost Siteler ba\u015fl\u0131\u011f\u0131 alt\u0131nda bulabilirsiniz. Bu sayfalarda derneklerimiz insanlar\u0131n g\u00fcnl\u00fck ileti\u015fimini sa\u011flayacak bilgiler, foto\u011fraflar, filmler yay\u0131nl\u0131yorlar. Bu sayede insanlar\u0131m\u0131z birbirlerinin d\u00fc\u011f\u00fcn\u00fcnden ni\u015fan\u0131ndan, do\u011fumlardan \u00f6l\u00fcmlerden haberdar oluyorlar. Hizmetleri kabul olsun&#8230;<\/p>\n<p>Bizim bu siteyle hi\u00e7bir \u015fekilde bu derneklerin Facebook sayfalar\u0131yla rekabet etmek vs. gibi bir amac\u0131m\u0131z yok. Biz burada kal\u0131c\u0131 ve genel bilgileri hizmete sunarak deyim yerindeyse bir sanal m\u00fcze olu\u015fturmay\u0131 ama\u00e7l\u0131yoruz. Bu m\u00fczenin kap\u0131lar\u0131 t\u00fcm k\u00f6yl\u00fclerimize a\u00e7\u0131k olacakt\u0131r. Uygun buldu\u011funuz t\u00fcm bilgileri bize ula\u015ft\u0131r\u0131n, ileti\u015fim kurarak son \u015feklini verdikten sonra yay\u0131nlayal\u0131m.<\/p>\n<p>Sayg\u0131lar\u0131m\u0131zla<\/p>\n<p>Hadi \u015eahin<\/p>\n","protected":false},"excerpt":{"rendered":"<p>De\u011ferli Okuyucular, Bu sitede Yuva K\u00f6y\u00fc ile ilgili bilgiler bulacaks\u0131n\u0131z. Bu bilgiler ne bir bilimsel \u00e7al\u0131\u015fman\u0131n sonu\u00e7lar\u0131, ne de uzun ve k\u00f6kl\u00fc ara\u015ft\u0131rmalara dayan\u0131yor. Sadece ula\u015fabildi\u011fimiz ya\u015fl\u0131lardan ve di\u011fer bilgi sahibi k\u00f6yl\u00fclerimizden toplad\u0131\u011f\u0131m\u0131z anlat\u0131lardan ve kendi ya\u015fant\u0131lar\u0131m\u0131zdan kaynakl\u0131 verilerdir. Burada do\u011fru olmad\u0131\u011f\u0131n\u0131 d\u00fc\u015f\u00fcnd\u00fc\u011f\u00fcn\u00fcz herhangi bir bilgi varsa bunu bize bildirdi\u011finiz \u2026<\/p>\n<p class=\"continue-reading-button\"> <a class=\"continue-reading-link\" href=\"http:\/\/www.yuvaonline.com\/\">Continue reading<i class=\"crycon-right-dir\"><\/i><\/a><\/p>\n","protected":false},"author":1,"featured_media":0,"parent":0,"menu_order":0,"comment_status":"open","ping_status":"closed","template":"","meta":{"footnotes":""},"class_list":["post-336","page","type-page","status-publish","hentry"],"_links":{"self":[{"href":"http:\/\/www.yuvaonline.com\/index.php?rest_route=\/wp\/v2\/pages\/336"}],"collection":[{"href":"http:\/\/www.yuvaonline.com\/index.php?rest_route=\/wp\/v2\/pages"}],"about":[{"href":"http:\/\/www.yuvaonline.com\/index.php?rest_route=\/wp\/v2\/types\/page"}],"author":[{"embeddable":true,"href":"http:\/\/www.yuvaonline.com\/index.php?rest_route=\/wp\/v2\/users\/1"}],"replies":[{"embeddable":true,"href":"http:\/\/www.yuvaonline.com\/index.php?rest_route=%2Fwp%2Fv2%2Fcomments&post=336"}],"version-history":[{"count":6,"href":"http:\/\/www.yuvaonline.com\/index.php?rest_route=\/wp\/v2\/pages\/336\/revisions"}],"predecessor-version":[{"id":554,"href":"http:\/\/www.yuvaonline.com\/index.php?rest_route=\/wp\/v2\/pages\/336\/revisions\/554"}],"wp:attachment":[{"href":"http:\/\/www.yuvaonline.com\/index.php?rest_route=%2Fwp%2Fv2%2Fmedia&parent=336"}],"curies":[{"name":"wp","href":"https:\/\/api.w.org\/{rel}","templated":true}]}}