{"id":43,"date":"2014-07-19T12:48:11","date_gmt":"2014-07-19T10:48:11","guid":{"rendered":"http:\/\/www.yuvaonline.com\/?page_id=43"},"modified":"2016-03-19T22:11:08","modified_gmt":"2016-03-19T20:11:08","slug":"yoenetim","status":"publish","type":"page","link":"http:\/\/www.yuvaonline.com\/?page_id=43","title":{"rendered":"Y\u00f6netim"},"content":{"rendered":"<p>Sayfan\u0131n i\u00e7eri\u011fi \u00fczerinde \u00e7al\u0131\u015f\u0131l\u0131yor. Bitince hizmete sunaca\u011f\u0131z.<\/p>\n","protected":false},"excerpt":{"rendered":"<p>Sayfan\u0131n i\u00e7eri\u011fi \u00fczerinde \u00e7al\u0131\u015f\u0131l\u0131yor. Bitince hizmete sunaca\u011f\u0131z.<\/p>\n<p class=\"continue-reading-button\"> <a class=\"continue-reading-link\" href=\"http:\/\/www.yuvaonline.com\/?page_id=43\">Continue reading<i class=\"crycon-right-dir\"><\/i><\/a><\/p>\n","protected":false},"author":1,"featured_media":0,"parent":0,"menu_order":5,"comment_status":"closed","ping_status":"closed","template":"","meta":{"footnotes":""},"class_list":["post-43","page","type-page","status-publish","hentry"],"_links":{"self":[{"href":"http:\/\/www.yuvaonline.com\/index.php?rest_route=\/wp\/v2\/pages\/43"}],"collection":[{"href":"http:\/\/www.yuvaonline.com\/index.php?rest_route=\/wp\/v2\/pages"}],"about":[{"href":"http:\/\/www.yuvaonline.com\/index.php?rest_route=\/wp\/v2\/types\/page"}],"author":[{"embeddable":true,"href":"http:\/\/www.yuvaonline.com\/index.php?rest_route=\/wp\/v2\/users\/1"}],"replies":[{"embeddable":true,"href":"http:\/\/www.yuvaonline.com\/index.php?rest_route=%2Fwp%2Fv2%2Fcomments&post=43"}],"version-history":[{"count":2,"href":"http:\/\/www.yuvaonline.com\/index.php?rest_route=\/wp\/v2\/pages\/43\/revisions"}],"predecessor-version":[{"id":470,"href":"http:\/\/www.yuvaonline.com\/index.php?rest_route=\/wp\/v2\/pages\/43\/revisions\/470"}],"wp:attachment":[{"href":"http:\/\/www.yuvaonline.com\/index.php?rest_route=%2Fwp%2Fv2%2Fmedia&parent=43"}],"curies":[{"name":"wp","href":"https:\/\/api.w.org\/{rel}","templated":true}]}}