{"id":49,"date":"2014-07-19T12:50:11","date_gmt":"2014-07-19T10:50:11","guid":{"rendered":"http:\/\/www.yuvaonline.com\/?page_id=49"},"modified":"2017-11-13T00:08:07","modified_gmt":"2017-11-12T21:08:07","slug":"tuerkueler","status":"publish","type":"page","link":"http:\/\/www.yuvaonline.com\/?page_id=49","title":{"rendered":"T\u00fcrk\u00fcler"},"content":{"rendered":"<p>Otantik Yuva t\u00fcrk\u00fclerinden s\u00f6z etmek bizce do\u011fru de\u011fil. Zira do\u011fu\u015ftan Yuval\u0131 olan ve dolay\u0131s\u0131yla t\u00fcrk\u00fcleri halk taraf\u0131ndan benimsenen ozanlar yok. Ancak insanlar kendi ya\u015fant\u0131s\u0131n\u0131 yans\u0131tan, kendi duygular\u0131n\u0131 dile getiren ezgileri kayna\u011f\u0131na bakmadan benimsemi\u015f, kendi t\u00fcrk\u00fcleri gibi \u00e7al\u0131p s\u00f6ylemi\u015fler.<\/p>\n<p>Bunlar\u0131n ba\u015f\u0131nda Malatya Arguvan t\u00fcrk\u00fcleri gelir. Bu t\u00fcrk\u00fcler muhtemelen Hekimhan k\u00f6yleri olan Alvar ve Bicir \u00fczerinden veya yine Hekimhan&#8217;a ba\u011fl\u0131 K\u0131n\u0131k ve Basak k\u00f6ylerinden gelen dedeler vas\u0131tas\u0131yla Yuva&#8217;ya ula\u015fm\u0131\u015f ve zevkle \u00e7al\u0131n\u0131r s\u00f6ylenir olmu\u015flard\u0131r.<\/p>\n<p>Ayr\u0131ca Sivas t\u00fcrk\u00fcleri ile Pir Sultan Abdal, Teslim Abdal, A\u015f\u0131k Veysel ba\u015fta olmak \u00fczere Alevi ozanlar\u0131n deyi\u015fleri cem \u00f6ncesi toplant\u0131lar\u0131n, d\u00fc\u011f\u00fcn ve di\u011fer e\u011flencelerin vazge\u00e7ilmezleridir.<\/p>\n<p>Biz burada \u00e7ok\u00e7a s\u00f6ylendi\u011fini bildi\u011fimiz baz\u0131 t\u00fcrk\u00fc ve deyi\u015fleri yay\u0131nlayaca\u011f\u0131z. A\u015fa\u011f\u0131da listelenen t\u00fcrk\u00fclerin \u00e7o\u011fu Alacamezarl\u0131 ozan\u0131m\u0131z Abuzer Karako\u00e7&#8217;un &#8220;Alvar&#8221; adl\u0131 alb\u00fcm\u00fcnden al\u0131nd\u0131. Gen\u00e7 ya\u015fta yitirdi\u011fimiz ozan bu alb\u00fcmde y\u00f6remizde s\u00f6ylenen t\u00fcrk\u00fclerden \u00e7ok g\u00fczel bir buket haz\u0131rlam\u0131\u015f.<\/p>\n<p>Siz okuyuculardan gelen \u00f6nerileri de mutlaka de\u011ferlendirip hizmete sunaca\u011f\u0131z.<\/p>\n<p>&nbsp;<\/p>\n<p><a title=\"A\u015fa\u011f\u0131 Mahlenin K\u0131\u015f\u0131 m\u0131 Geldi\" href=\"http:\/\/www.yuvaonline.com\/?p=343\">A\u015fa\u011f\u0131 Mahlenin K\u0131\u015f\u0131 m\u0131 Geldi<br \/>\n<\/a><a title=\"Sefa Geldin\" href=\"http:\/\/www.yuvaonline.com\/?p=414\">Sefa Geldin<\/a><br \/>\n<a title=\"Nesini S\u00f6yleyim\" href=\"http:\/\/www.yuvaonline.com\/?p=417\">Nesini S\u00f6yleyim<\/a><br \/>\n<a title=\"\u0130nsan K\u0131s\u0131m K\u0131s\u0131m Yer Damar Damar\" href=\"http:\/\/www.yuvaonline.com\/?p=426\">\u0130nsan K\u0131s\u0131m K\u0131s\u0131m<\/a><br \/>\n<a title=\"Gelin\" href=\"http:\/\/www.yuvaonline.com\/?p=430\">Gelin<\/a><br \/>\n<a title=\"Alvar\/Sofular\u2019a Vard\u0131m\" href=\"http:\/\/www.yuvaonline.com\/?p=423\">Alvar\/Sofular&#8217;a Vard\u0131m<\/a><br \/>\n<a title=\"Felek Beni Nazl\u0131 Yardan Ay\u0131rd\u0131\" href=\"http:\/\/www.yuvaonline.com\/?p=428\">Felek Beni\u00a0Nazl\u0131 Yardan Ay\u0131rd\u0131<\/a><br \/>\n<a title=\"\u00c7eke \u00c7eke\" href=\"http:\/\/www.yuvaonline.com\/?p=421\">\u00c7eke \u00c7eke<br \/>\n<\/a><a title=\"Kahpe Felek\" href=\"http:\/\/www.yuvaonline.com\/?p=419\">Kahpe Felek<br \/>\n<\/a><a title=\"Karl\u0131 Da\u011flar Karanl\u0131\u011f\u0131n\" href=\"http:\/\/www.yuvaonline.com\/?p=432\">Karl\u0131 Da\u011flar Karanl\u0131\u011f\u0131n Kalkt\u0131 M\u0131<\/a><\/p>\n","protected":false},"excerpt":{"rendered":"<p>Otantik Yuva t\u00fcrk\u00fclerinden s\u00f6z etmek bizce do\u011fru de\u011fil. Zira do\u011fu\u015ftan Yuval\u0131 olan ve dolay\u0131s\u0131yla t\u00fcrk\u00fcleri halk taraf\u0131ndan benimsenen ozanlar yok. Ancak insanlar kendi ya\u015fant\u0131s\u0131n\u0131 yans\u0131tan, kendi duygular\u0131n\u0131 dile getiren ezgileri kayna\u011f\u0131na bakmadan benimsemi\u015f, kendi t\u00fcrk\u00fcleri gibi \u00e7al\u0131p s\u00f6ylemi\u015fler. Bunlar\u0131n ba\u015f\u0131nda Malatya Arguvan t\u00fcrk\u00fcleri gelir. Bu t\u00fcrk\u00fcler muhtemelen Hekimhan k\u00f6yleri olan \u2026<\/p>\n<p class=\"continue-reading-button\"> <a class=\"continue-reading-link\" href=\"http:\/\/www.yuvaonline.com\/?page_id=49\">Continue reading<i class=\"crycon-right-dir\"><\/i><\/a><\/p>\n","protected":false},"author":1,"featured_media":0,"parent":0,"menu_order":3,"comment_status":"closed","ping_status":"closed","template":"","meta":{"footnotes":""},"class_list":["post-49","page","type-page","status-publish","hentry"],"_links":{"self":[{"href":"http:\/\/www.yuvaonline.com\/index.php?rest_route=\/wp\/v2\/pages\/49"}],"collection":[{"href":"http:\/\/www.yuvaonline.com\/index.php?rest_route=\/wp\/v2\/pages"}],"about":[{"href":"http:\/\/www.yuvaonline.com\/index.php?rest_route=\/wp\/v2\/types\/page"}],"author":[{"embeddable":true,"href":"http:\/\/www.yuvaonline.com\/index.php?rest_route=\/wp\/v2\/users\/1"}],"replies":[{"embeddable":true,"href":"http:\/\/www.yuvaonline.com\/index.php?rest_route=%2Fwp%2Fv2%2Fcomments&post=49"}],"version-history":[{"count":13,"href":"http:\/\/www.yuvaonline.com\/index.php?rest_route=\/wp\/v2\/pages\/49\/revisions"}],"predecessor-version":[{"id":551,"href":"http:\/\/www.yuvaonline.com\/index.php?rest_route=\/wp\/v2\/pages\/49\/revisions\/551"}],"wp:attachment":[{"href":"http:\/\/www.yuvaonline.com\/index.php?rest_route=%2Fwp%2Fv2%2Fmedia&parent=49"}],"curies":[{"name":"wp","href":"https:\/\/api.w.org\/{rel}","templated":true}]}}